{"id":23,"date":"2021-02-10T05:16:24","date_gmt":"2021-02-10T05:16:24","guid":{"rendered":"https:\/\/zakra-job-portal.sites.qsandbox.com\/?page_id=23"},"modified":"2025-08-25T17:26:15","modified_gmt":"2025-08-25T15:26:15","slug":"home-2","status":"publish","type":"page","link":"https:\/\/lapot.com.pl\/","title":{"rendered":"Home"},"content":{"rendered":"\t\t<div data-elementor-type=\"wp-page\" data-elementor-id=\"23\" class=\"elementor elementor-23\">\n\t\t\t\t\t\t<section class=\"elementor-section elementor-top-section elementor-element elementor-element-cbacb34 elementor-section-height-min-height elementor-section-boxed elementor-section-height-default elementor-section-items-middle\" data-id=\"cbacb34\" data-element_type=\"section\" data-settings=\"{&quot;background_background&quot;:&quot;classic&quot;}\">\n\t\t\t\t\t\t\t<div class=\"elementor-background-overlay\"><\/div>\n\t\t\t\t\t\t\t<div class=\"elementor-container elementor-column-gap-default\">\n\t\t\t\t\t<div class=\"elementor-column elementor-col-100 elementor-top-column elementor-element elementor-element-e1a6f06\" data-id=\"e1a6f06\" data-element_type=\"column\">\n\t\t\t<div class=\"elementor-widget-wrap elementor-element-populated\">\n\t\t\t\t\t\t<section class=\"elementor-section elementor-inner-section elementor-element elementor-element-ee37b98 elementor-section-content-middle elementor-section-boxed elementor-section-height-default elementor-section-height-default\" data-id=\"ee37b98\" data-element_type=\"section\">\n\t\t\t\t\t\t<div class=\"elementor-container elementor-column-gap-default\">\n\t\t\t\t\t<div class=\"elementor-column elementor-col-50 elementor-inner-column elementor-element elementor-element-23db4c5\" data-id=\"23db4c5\" data-element_type=\"column\">\n\t\t\t<div class=\"elementor-widget-wrap elementor-element-populated\">\n\t\t\t\t\t\t<div class=\"elementor-element elementor-element-9aa73a0 elementor-widget__width-initial elementor-widget elementor-widget-heading\" data-id=\"9aa73a0\" data-element_type=\"widget\" data-widget_type=\"heading.default\">\n\t\t\t\t\t<h1 class=\"elementor-heading-title elementor-size-default\">S-KWADRAT\n<\/h1>\t\t\t\t<\/div>\n\t\t\t\t<div class=\"elementor-element elementor-element-353f6a2 elementor-widget elementor-widget-text-editor\" data-id=\"353f6a2\" data-element_type=\"widget\" data-widget_type=\"text-editor.default\">\n\t\t\t\t\t\t\t\t\t<p><strong>WITAMY W \u015aWIECIE KAMIENIA<\/strong><\/p>\t\t\t\t\t\t\t\t<\/div>\n\t\t\t\t<div class=\"elementor-element elementor-element-655197c elementor-widget elementor-widget-text-editor\" data-id=\"655197c\" data-element_type=\"widget\" data-widget_type=\"text-editor.default\">\n\t\t\t\t\t\t\t\t\t<p>PONAD 20 LETNIE DO\u015aWIADCZENIE W PRODUKCJI WYROB\u00d3W Z MARMURU, GRANITU, AGLOMARMURU, ORAZ KAMIENIA NATURALNEGO.<\/p>\t\t\t\t\t\t\t\t<\/div>\n\t\t\t\t\t<\/div>\n\t\t<\/div>\n\t\t\t\t<div class=\"elementor-column elementor-col-50 elementor-inner-column elementor-element elementor-element-81ecf27\" data-id=\"81ecf27\" data-element_type=\"column\">\n\t\t\t<div class=\"elementor-widget-wrap elementor-element-populated\">\n\t\t\t\t\t\t<div class=\"elementor-element elementor-element-da10a8a elementor-widget elementor-widget-image\" data-id=\"da10a8a\" data-element_type=\"widget\" data-widget_type=\"image.default\">\n\t\t\t\t\t\t\t\t\t\t\t\t\t\t\t<img fetchpriority=\"high\" decoding=\"async\" width=\"2048\" height=\"1244\" src=\"https:\/\/lapot.com.pl\/wp-content\/uploads\/2025\/08\/12-2048x1244-1.jpg\" class=\"attachment-full size-full wp-image-1804\" alt=\"\" srcset=\"https:\/\/lapot.com.pl\/wp-content\/uploads\/2025\/08\/12-2048x1244-1.jpg 2048w, https:\/\/lapot.com.pl\/wp-content\/uploads\/2025\/08\/12-2048x1244-1-300x182.jpg 300w, https:\/\/lapot.com.pl\/wp-content\/uploads\/2025\/08\/12-2048x1244-1-1024x622.jpg 1024w, https:\/\/lapot.com.pl\/wp-content\/uploads\/2025\/08\/12-2048x1244-1-768x467.jpg 768w, https:\/\/lapot.com.pl\/wp-content\/uploads\/2025\/08\/12-2048x1244-1-1536x933.jpg 1536w\" sizes=\"(max-width: 2048px) 100vw, 2048px\" \/>\t\t\t\t\t\t\t\t\t\t\t\t\t\t\t<\/div>\n\t\t\t\t\t<\/div>\n\t\t<\/div>\n\t\t\t\t\t<\/div>\n\t\t<\/section>\n\t\t\t\t\t<\/div>\n\t\t<\/div>\n\t\t\t\t\t<\/div>\n\t\t<\/section>\n\t\t<div class=\"elementor-element elementor-element-6ce551d e-flex e-con-boxed e-con e-parent\" data-id=\"6ce551d\" data-element_type=\"container\">\n\t\t\t\t\t<div class=\"e-con-inner\">\n\t\t<div class=\"elementor-element elementor-element-df4e83f e-con-full e-flex e-con e-child\" data-id=\"df4e83f\" data-element_type=\"container\">\n\t\t\t\t<div class=\"elementor-element elementor-element-0a8606f elementor-widget elementor-widget-image\" data-id=\"0a8606f\" data-element_type=\"widget\" data-widget_type=\"image.default\">\n\t\t\t\t\t\t\t\t\t\t\t\t\t\t\t<img decoding=\"async\" width=\"724\" height=\"483\" src=\"https:\/\/lapot.com.pl\/wp-content\/uploads\/2025\/08\/blaty-kuchenne-do-wyboru.jpg\" class=\"attachment-large size-large wp-image-1845\" alt=\"\" srcset=\"https:\/\/lapot.com.pl\/wp-content\/uploads\/2025\/08\/blaty-kuchenne-do-wyboru.jpg 724w, https:\/\/lapot.com.pl\/wp-content\/uploads\/2025\/08\/blaty-kuchenne-do-wyboru-300x200.jpg 300w\" sizes=\"(max-width: 724px) 100vw, 724px\" \/>\t\t\t\t\t\t\t\t\t\t\t\t\t\t\t<\/div>\n\t\t\t\t<\/div>\n\t\t<div class=\"elementor-element elementor-element-7dc1f99 e-con-full e-flex e-con e-child\" data-id=\"7dc1f99\" data-element_type=\"container\">\n\t\t\t\t<div class=\"elementor-element elementor-element-401db94 elementor-widget elementor-widget-text-editor\" data-id=\"401db94\" data-element_type=\"widget\" data-widget_type=\"text-editor.default\">\n\t\t\t\t\t\t\t\t\t<p class=\"s10\"><span class=\"s9\"><span class=\"bumpedFont15\">Staramy si\u0119 by nasze produkty by\u0142y najwy\u017cszej jako\u015bci, dlatego wytwarzamy je z najlepszych kamieni, kt\u00f3re sprowadzamy dla Pa\u0144stwa z ca\u0142ego \u015bwiata<\/span><\/span><span class=\"s9\"><span class=\"bumpedFont15\">.<\/span><\/span><\/p>\n<p class=\"s10\"><br><\/p>\t\t\t\t\t\t\t\t<\/div>\n\t\t\t\t<div class=\"elementor-element elementor-element-9d22231 elementor-hidden-desktop elementor-widget elementor-widget-image\" data-id=\"9d22231\" data-element_type=\"widget\" data-widget_type=\"image.default\">\n\t\t\t\t\t\t\t\t\t\t\t\t\t\t\t<img decoding=\"async\" width=\"1024\" height=\"629\" src=\"https:\/\/lapot.com.pl\/wp-content\/uploads\/2025\/08\/36-1536x944-1-1024x629.jpg\" class=\"attachment-large size-large wp-image-1868\" alt=\"\" srcset=\"https:\/\/lapot.com.pl\/wp-content\/uploads\/2025\/08\/36-1536x944-1-1024x629.jpg 1024w, https:\/\/lapot.com.pl\/wp-content\/uploads\/2025\/08\/36-1536x944-1-300x184.jpg 300w, https:\/\/lapot.com.pl\/wp-content\/uploads\/2025\/08\/36-1536x944-1-768x472.jpg 768w, https:\/\/lapot.com.pl\/wp-content\/uploads\/2025\/08\/36-1536x944-1.jpg 1536w\" sizes=\"(max-width: 1024px) 100vw, 1024px\" \/>\t\t\t\t\t\t\t\t\t\t\t\t\t\t\t<\/div>\n\t\t\t\t<\/div>\n\t\t\t\t\t<\/div>\n\t\t\t\t<\/div>\n\t\t<div class=\"elementor-element elementor-element-5bf5134 e-flex e-con-boxed e-con e-parent\" data-id=\"5bf5134\" data-element_type=\"container\">\n\t\t\t\t\t<div class=\"e-con-inner\">\n\t\t<div class=\"elementor-element elementor-element-afd016f e-con-full e-flex e-con e-child\" data-id=\"afd016f\" data-element_type=\"container\">\n\t\t\t\t<div class=\"elementor-element elementor-element-316911b elementor-widget elementor-widget-text-editor\" data-id=\"316911b\" data-element_type=\"widget\" data-widget_type=\"text-editor.default\">\n\t\t\t\t\t\t\t\t\t<p class=\"s10\">\u00a0<\/p><p class=\"s10\"><span class=\"s9\"><span class=\"bumpedFont15\">Posiadamy bardzo <\/span><\/span><span class=\"s19\"><span class=\"bumpedFont15\">bogat\u0105 ofert\u0119<\/span><\/span> <span class=\"s9\"><span class=\"bumpedFont15\">w zakresie <\/span><\/span><span class=\"s19\"><span class=\"bumpedFont15\">kolorystyki<\/span><\/span><span class=\"s9\"><span class=\"bumpedFont15\">, <\/span><\/span><span class=\"s19\"><span class=\"bumpedFont15\">wzor\u00f3w<\/span><\/span><span class=\"s9\"><span class=\"bumpedFont15\"> i <\/span><\/span><span class=\"s19\"><span class=\"bumpedFont15\">zastosowa\u0144<\/span><\/span><span class=\"s9\"><span class=\"bumpedFont15\">.<\/span><\/span><\/p>\t\t\t\t\t\t\t\t<\/div>\n\t\t\t\t<\/div>\n\t\t<div class=\"elementor-element elementor-element-923583c e-con-full e-flex e-con e-child\" data-id=\"923583c\" data-element_type=\"container\">\n\t\t\t\t<div class=\"elementor-element elementor-element-46feef1 elementor-hidden-tablet elementor-hidden-mobile elementor-widget elementor-widget-image\" data-id=\"46feef1\" data-element_type=\"widget\" data-widget_type=\"image.default\">\n\t\t\t\t\t\t\t\t\t\t\t\t\t\t\t<img decoding=\"async\" width=\"1024\" height=\"629\" src=\"https:\/\/lapot.com.pl\/wp-content\/uploads\/2025\/08\/36-1536x944-1-1024x629.jpg\" class=\"attachment-large size-large wp-image-1868\" alt=\"\" srcset=\"https:\/\/lapot.com.pl\/wp-content\/uploads\/2025\/08\/36-1536x944-1-1024x629.jpg 1024w, https:\/\/lapot.com.pl\/wp-content\/uploads\/2025\/08\/36-1536x944-1-300x184.jpg 300w, https:\/\/lapot.com.pl\/wp-content\/uploads\/2025\/08\/36-1536x944-1-768x472.jpg 768w, https:\/\/lapot.com.pl\/wp-content\/uploads\/2025\/08\/36-1536x944-1.jpg 1536w\" sizes=\"(max-width: 1024px) 100vw, 1024px\" \/>\t\t\t\t\t\t\t\t\t\t\t\t\t\t\t<\/div>\n\t\t\t\t<\/div>\n\t\t\t\t\t<\/div>\n\t\t\t\t<\/div>\n\t\t\t\t<\/div>\n\t\t","protected":false},"excerpt":{"rendered":"<p>S-KWADRAT WITAMY W \u015aWIECIE KAMIENIA PONAD 20 LETNIE DO\u015aWIADCZENIE W PRODUKCJI WYROB\u00d3W Z MARMURU, GRANITU, AGLOMARMURU, ORAZ KAMIENIA NATURALNEGO. Staramy si\u0119 by nasze produkty by\u0142y najwy\u017cszej jako\u015bci, dlatego wytwarzamy je z najlepszych kamieni, kt\u00f3re sprowadzamy dla Pa\u0144stwa z ca\u0142ego \u015bwiata. \u00a0 Posiadamy bardzo bogat\u0105 ofert\u0119 w zakresie kolorystyki, wzor\u00f3w i zastosowa\u0144.<\/p>\n","protected":false},"author":1,"featured_media":0,"parent":0,"menu_order":0,"comment_status":"closed","ping_status":"closed","template":"page-templates\/pagebuilder.php","meta":{"zakra_sidebar_layout":"stretched","zakra_remove_content_margin":true,"zakra_sidebar":"customizer","zakra_transparent_header":"customizer","zakra_logo":0,"zakra_main_header_style":"default","zakra_menu_item_color":"","zakra_menu_item_hover_color":"","zakra_menu_item_active_color":"","zakra_menu_active_style":"zakra_menu_active_style","zakra_page_header":true,"footnotes":""},"class_list":["post-23","page","type-page","status-publish","hentry"],"yoast_head":"<!-- This site is optimized with the Yoast SEO plugin v25.7 - https:\/\/yoast.com\/wordpress\/plugins\/seo\/ -->\n<title>Home - S-Kwadrat<\/title>\n<meta name=\"robots\" content=\"index, follow, max-snippet:-1, max-image-preview:large, max-video-preview:-1\" \/>\n<link rel=\"canonical\" href=\"https:\/\/lapot.com.pl\/\" \/>\n<meta property=\"og:locale\" content=\"en_US\" \/>\n<meta property=\"og:type\" content=\"article\" \/>\n<meta property=\"og:title\" content=\"Home - S-Kwadrat\" \/>\n<meta property=\"og:description\" content=\"S-KWADRAT WITAMY W \u015aWIECIE KAMIENIA PONAD 20 LETNIE DO\u015aWIADCZENIE W PRODUKCJI WYROB\u00d3W Z MARMURU, GRANITU, AGLOMARMURU, ORAZ KAMIENIA NATURALNEGO. Staramy si\u0119 by nasze produkty by\u0142y najwy\u017cszej jako\u015bci, dlatego wytwarzamy je z najlepszych kamieni, kt\u00f3re sprowadzamy dla Pa\u0144stwa z ca\u0142ego \u015bwiata. \u00a0 Posiadamy bardzo bogat\u0105 ofert\u0119 w zakresie kolorystyki, wzor\u00f3w i zastosowa\u0144.\" \/>\n<meta property=\"og:url\" content=\"https:\/\/lapot.com.pl\/\" \/>\n<meta property=\"og:site_name\" content=\"S-Kwadrat\" \/>\n<meta property=\"article:modified_time\" content=\"2025-08-25T15:26:15+00:00\" \/>\n<meta property=\"og:image\" content=\"http:\/\/lapot.com.pl\/wp-content\/uploads\/2025\/08\/12-2048x1244-1.jpg\" \/>\n<meta name=\"twitter:card\" content=\"summary_large_image\" \/>\n<meta name=\"twitter:label1\" content=\"Est. reading time\" \/>\n\t<meta name=\"twitter:data1\" content=\"1 minute\" \/>\n<script type=\"application\/ld+json\" class=\"yoast-schema-graph\">{\"@context\":\"https:\/\/schema.org\",\"@graph\":[{\"@type\":\"WebPage\",\"@id\":\"https:\/\/lapot.com.pl\/\",\"url\":\"https:\/\/lapot.com.pl\/\",\"name\":\"Home - S-Kwadrat\",\"isPartOf\":{\"@id\":\"https:\/\/lapot.com.pl\/#website\"},\"primaryImageOfPage\":{\"@id\":\"https:\/\/lapot.com.pl\/#primaryimage\"},\"image\":{\"@id\":\"https:\/\/lapot.com.pl\/#primaryimage\"},\"thumbnailUrl\":\"http:\/\/lapot.com.pl\/wp-content\/uploads\/2025\/08\/12-2048x1244-1.jpg\",\"datePublished\":\"2021-02-10T05:16:24+00:00\",\"dateModified\":\"2025-08-25T15:26:15+00:00\",\"breadcrumb\":{\"@id\":\"https:\/\/lapot.com.pl\/#breadcrumb\"},\"inLanguage\":\"en-US\",\"potentialAction\":[{\"@type\":\"ReadAction\",\"target\":[\"https:\/\/lapot.com.pl\/\"]}]},{\"@type\":\"ImageObject\",\"inLanguage\":\"en-US\",\"@id\":\"https:\/\/lapot.com.pl\/#primaryimage\",\"url\":\"https:\/\/lapot.com.pl\/wp-content\/uploads\/2025\/08\/12-2048x1244-1.jpg\",\"contentUrl\":\"https:\/\/lapot.com.pl\/wp-content\/uploads\/2025\/08\/12-2048x1244-1.jpg\",\"width\":2048,\"height\":1244},{\"@type\":\"BreadcrumbList\",\"@id\":\"https:\/\/lapot.com.pl\/#breadcrumb\",\"itemListElement\":[{\"@type\":\"ListItem\",\"position\":1,\"name\":\"Home\",\"item\":\"https:\/\/lapot.com.pl\/\"},{\"@type\":\"ListItem\",\"position\":2,\"name\":\"Home\"}]},{\"@type\":\"WebSite\",\"@id\":\"https:\/\/lapot.com.pl\/#website\",\"url\":\"https:\/\/lapot.com.pl\/\",\"name\":\"S-Kwadrat\",\"description\":\"\",\"publisher\":{\"@id\":\"https:\/\/lapot.com.pl\/#organization\"},\"potentialAction\":[{\"@type\":\"SearchAction\",\"target\":{\"@type\":\"EntryPoint\",\"urlTemplate\":\"https:\/\/lapot.com.pl\/?s={search_term_string}\"},\"query-input\":{\"@type\":\"PropertyValueSpecification\",\"valueRequired\":true,\"valueName\":\"search_term_string\"}}],\"inLanguage\":\"en-US\"},{\"@type\":\"Organization\",\"@id\":\"https:\/\/lapot.com.pl\/#organization\",\"name\":\"S-Kwadrat\",\"url\":\"https:\/\/lapot.com.pl\/\",\"logo\":{\"@type\":\"ImageObject\",\"inLanguage\":\"en-US\",\"@id\":\"https:\/\/lapot.com.pl\/#\/schema\/logo\/image\/\",\"url\":\"https:\/\/lapot.com.pl\/wp-content\/uploads\/2025\/08\/LOGO-skwadrat-czarny-bez-e1611564587677-80x76-1.png\",\"contentUrl\":\"https:\/\/lapot.com.pl\/wp-content\/uploads\/2025\/08\/LOGO-skwadrat-czarny-bez-e1611564587677-80x76-1.png\",\"width\":80,\"height\":76,\"caption\":\"S-Kwadrat \"},\"image\":{\"@id\":\"https:\/\/lapot.com.pl\/#\/schema\/logo\/image\/\"}}]}<\/script>\n<!-- \/ Yoast SEO plugin. -->","yoast_head_json":{"title":"Home - S-Kwadrat","robots":{"index":"index","follow":"follow","max-snippet":"max-snippet:-1","max-image-preview":"max-image-preview:large","max-video-preview":"max-video-preview:-1"},"canonical":"https:\/\/lapot.com.pl\/","og_locale":"en_US","og_type":"article","og_title":"Home - S-Kwadrat","og_description":"S-KWADRAT WITAMY W \u015aWIECIE KAMIENIA PONAD 20 LETNIE DO\u015aWIADCZENIE W PRODUKCJI WYROB\u00d3W Z MARMURU, GRANITU, AGLOMARMURU, ORAZ KAMIENIA NATURALNEGO. Staramy si\u0119 by nasze produkty by\u0142y najwy\u017cszej jako\u015bci, dlatego wytwarzamy je z najlepszych kamieni, kt\u00f3re sprowadzamy dla Pa\u0144stwa z ca\u0142ego \u015bwiata. \u00a0 Posiadamy bardzo bogat\u0105 ofert\u0119 w zakresie kolorystyki, wzor\u00f3w i zastosowa\u0144.","og_url":"https:\/\/lapot.com.pl\/","og_site_name":"S-Kwadrat","article_modified_time":"2025-08-25T15:26:15+00:00","og_image":[{"url":"http:\/\/lapot.com.pl\/wp-content\/uploads\/2025\/08\/12-2048x1244-1.jpg","type":"","width":"","height":""}],"twitter_card":"summary_large_image","twitter_misc":{"Est. reading time":"1 minute"},"schema":{"@context":"https:\/\/schema.org","@graph":[{"@type":"WebPage","@id":"https:\/\/lapot.com.pl\/","url":"https:\/\/lapot.com.pl\/","name":"Home - S-Kwadrat","isPartOf":{"@id":"https:\/\/lapot.com.pl\/#website"},"primaryImageOfPage":{"@id":"https:\/\/lapot.com.pl\/#primaryimage"},"image":{"@id":"https:\/\/lapot.com.pl\/#primaryimage"},"thumbnailUrl":"http:\/\/lapot.com.pl\/wp-content\/uploads\/2025\/08\/12-2048x1244-1.jpg","datePublished":"2021-02-10T05:16:24+00:00","dateModified":"2025-08-25T15:26:15+00:00","breadcrumb":{"@id":"https:\/\/lapot.com.pl\/#breadcrumb"},"inLanguage":"en-US","potentialAction":[{"@type":"ReadAction","target":["https:\/\/lapot.com.pl\/"]}]},{"@type":"ImageObject","inLanguage":"en-US","@id":"https:\/\/lapot.com.pl\/#primaryimage","url":"https:\/\/lapot.com.pl\/wp-content\/uploads\/2025\/08\/12-2048x1244-1.jpg","contentUrl":"https:\/\/lapot.com.pl\/wp-content\/uploads\/2025\/08\/12-2048x1244-1.jpg","width":2048,"height":1244},{"@type":"BreadcrumbList","@id":"https:\/\/lapot.com.pl\/#breadcrumb","itemListElement":[{"@type":"ListItem","position":1,"name":"Home","item":"https:\/\/lapot.com.pl\/"},{"@type":"ListItem","position":2,"name":"Home"}]},{"@type":"WebSite","@id":"https:\/\/lapot.com.pl\/#website","url":"https:\/\/lapot.com.pl\/","name":"S-Kwadrat","description":"","publisher":{"@id":"https:\/\/lapot.com.pl\/#organization"},"potentialAction":[{"@type":"SearchAction","target":{"@type":"EntryPoint","urlTemplate":"https:\/\/lapot.com.pl\/?s={search_term_string}"},"query-input":{"@type":"PropertyValueSpecification","valueRequired":true,"valueName":"search_term_string"}}],"inLanguage":"en-US"},{"@type":"Organization","@id":"https:\/\/lapot.com.pl\/#organization","name":"S-Kwadrat","url":"https:\/\/lapot.com.pl\/","logo":{"@type":"ImageObject","inLanguage":"en-US","@id":"https:\/\/lapot.com.pl\/#\/schema\/logo\/image\/","url":"https:\/\/lapot.com.pl\/wp-content\/uploads\/2025\/08\/LOGO-skwadrat-czarny-bez-e1611564587677-80x76-1.png","contentUrl":"https:\/\/lapot.com.pl\/wp-content\/uploads\/2025\/08\/LOGO-skwadrat-czarny-bez-e1611564587677-80x76-1.png","width":80,"height":76,"caption":"S-Kwadrat "},"image":{"@id":"https:\/\/lapot.com.pl\/#\/schema\/logo\/image\/"}}]}},"_links":{"self":[{"href":"https:\/\/lapot.com.pl\/index.php?rest_route=\/wp\/v2\/pages\/23","targetHints":{"allow":["GET"]}}],"collection":[{"href":"https:\/\/lapot.com.pl\/index.php?rest_route=\/wp\/v2\/pages"}],"about":[{"href":"https:\/\/lapot.com.pl\/index.php?rest_route=\/wp\/v2\/types\/page"}],"author":[{"embeddable":true,"href":"https:\/\/lapot.com.pl\/index.php?rest_route=\/wp\/v2\/users\/1"}],"replies":[{"embeddable":true,"href":"https:\/\/lapot.com.pl\/index.php?rest_route=%2Fwp%2Fv2%2Fcomments&post=23"}],"version-history":[{"count":21,"href":"https:\/\/lapot.com.pl\/index.php?rest_route=\/wp\/v2\/pages\/23\/revisions"}],"predecessor-version":[{"id":1893,"href":"https:\/\/lapot.com.pl\/index.php?rest_route=\/wp\/v2\/pages\/23\/revisions\/1893"}],"wp:attachment":[{"href":"https:\/\/lapot.com.pl\/index.php?rest_route=%2Fwp%2Fv2%2Fmedia&parent=23"}],"curies":[{"name":"wp","href":"https:\/\/api.w.org\/{rel}","templated":true}]}}