{"id":30,"date":"2021-02-10T06:35:54","date_gmt":"2021-02-10T06:35:54","guid":{"rendered":"https:\/\/zakra-job-portal.sites.qsandbox.com\/?page_id=30"},"modified":"2025-08-25T15:12:35","modified_gmt":"2025-08-25T13:12:35","slug":"faqs","status":"publish","type":"page","link":"https:\/\/lapot.com.pl\/?page_id=30","title":{"rendered":"OFERTA"},"content":{"rendered":"\t\t<div data-elementor-type=\"wp-page\" data-elementor-id=\"30\" class=\"elementor elementor-30\">\n\t\t\t\t<div class=\"elementor-element elementor-element-da5504f e-flex e-con-boxed e-con e-parent\" data-id=\"da5504f\" data-element_type=\"container\">\n\t\t\t\t\t<div class=\"e-con-inner\">\n\t\t<div class=\"elementor-element elementor-element-acab0a2 e-con-full e-flex e-con e-child\" data-id=\"acab0a2\" data-element_type=\"container\">\n\t\t\t\t<div class=\"elementor-element elementor-element-5711bc5 elementor-widget elementor-widget-text-editor\" data-id=\"5711bc5\" data-element_type=\"widget\" data-widget_type=\"text-editor.default\">\n\t\t\t\t\t\t\t\t\t<p>Profesjonalna realizacja ka\u017cdego zlecenia. Na stanie posiadamy r\u00f3wnie\u017c gotowe wyroby oraz setki m2 p\u0142yt z kamienia z ca\u0142ego \u015bwiata. Jeste\u015bmy otwarci na wsp\u00f3\u0142prac\u0119 i realizacj\u0119 indywidualnych zam\u00f3wie\u0144.<\/p>\t\t\t\t\t\t\t\t<\/div>\n\t\t\t\t<\/div>\n\t\t<div class=\"elementor-element elementor-element-35a1768 e-con-full e-flex e-con e-child\" data-id=\"35a1768\" data-element_type=\"container\">\n\t\t\t\t<div class=\"elementor-element elementor-element-16b513f elementor-widget elementor-widget-image\" data-id=\"16b513f\" data-element_type=\"widget\" data-widget_type=\"image.default\">\n\t\t\t\t\t\t\t\t\t\t\t\t\t\t\t<img fetchpriority=\"high\" decoding=\"async\" width=\"724\" height=\"483\" src=\"https:\/\/lapot.com.pl\/wp-content\/uploads\/2025\/08\/blaty-kuchenne-do-wyboru.jpg\" class=\"attachment-large size-large wp-image-1845\" alt=\"\" srcset=\"https:\/\/lapot.com.pl\/wp-content\/uploads\/2025\/08\/blaty-kuchenne-do-wyboru.jpg 724w, https:\/\/lapot.com.pl\/wp-content\/uploads\/2025\/08\/blaty-kuchenne-do-wyboru-300x200.jpg 300w\" sizes=\"(max-width: 724px) 100vw, 724px\" \/>\t\t\t\t\t\t\t\t\t\t\t\t\t\t\t<\/div>\n\t\t\t\t<\/div>\n\t\t\t\t\t<\/div>\n\t\t\t\t<\/div>\n\t\t\t\t<\/div>\n\t\t","protected":false},"excerpt":{"rendered":"<p>Profesjonalna realizacja ka\u017cdego zlecenia. Na stanie posiadamy r\u00f3wnie\u017c gotowe wyroby oraz setki m2 p\u0142yt z kamienia z ca\u0142ego \u015bwiata. Jeste\u015bmy otwarci na wsp\u00f3\u0142prac\u0119 i realizacj\u0119 indywidualnych zam\u00f3wie\u0144.<\/p>\n","protected":false},"author":1,"featured_media":0,"parent":0,"menu_order":0,"comment_status":"closed","ping_status":"closed","template":"page-templates\/pagebuilder.php","meta":{"zakra_sidebar_layout":"stretched","zakra_remove_content_margin":false,"zakra_sidebar":"customizer","zakra_transparent_header":"customizer","zakra_logo":0,"zakra_main_header_style":"default","zakra_menu_item_color":"","zakra_menu_item_hover_color":"","zakra_menu_item_active_color":"","zakra_menu_active_style":"zakra_menu_active_style","zakra_page_header":true,"footnotes":""},"class_list":["post-30","page","type-page","status-publish","hentry"],"yoast_head":"<!-- This site is optimized with the Yoast SEO plugin v25.7 - https:\/\/yoast.com\/wordpress\/plugins\/seo\/ -->\n<title>OFERTA - S-Kwadrat<\/title>\n<meta name=\"robots\" content=\"index, follow, max-snippet:-1, max-image-preview:large, max-video-preview:-1\" \/>\n<link rel=\"canonical\" href=\"https:\/\/lapot.com.pl\/?page_id=30\" \/>\n<meta property=\"og:locale\" content=\"en_US\" \/>\n<meta property=\"og:type\" content=\"article\" \/>\n<meta property=\"og:title\" content=\"OFERTA - S-Kwadrat\" \/>\n<meta property=\"og:description\" content=\"Profesjonalna realizacja ka\u017cdego zlecenia. Na stanie posiadamy r\u00f3wnie\u017c gotowe wyroby oraz setki m2 p\u0142yt z kamienia z ca\u0142ego \u015bwiata. Jeste\u015bmy otwarci na wsp\u00f3\u0142prac\u0119 i realizacj\u0119 indywidualnych zam\u00f3wie\u0144.\" \/>\n<meta property=\"og:url\" content=\"https:\/\/lapot.com.pl\/?page_id=30\" \/>\n<meta property=\"og:site_name\" content=\"S-Kwadrat\" \/>\n<meta property=\"article:modified_time\" content=\"2025-08-25T13:12:35+00:00\" \/>\n<meta property=\"og:image\" content=\"http:\/\/lapot.com.pl\/wp-content\/uploads\/2025\/08\/blaty-kuchenne-do-wyboru.jpg\" \/>\n<meta name=\"twitter:card\" content=\"summary_large_image\" \/>\n<meta name=\"twitter:label1\" content=\"Est. reading time\" \/>\n\t<meta name=\"twitter:data1\" content=\"1 minute\" \/>\n<script type=\"application\/ld+json\" class=\"yoast-schema-graph\">{\"@context\":\"https:\/\/schema.org\",\"@graph\":[{\"@type\":\"WebPage\",\"@id\":\"https:\/\/lapot.com.pl\/?page_id=30\",\"url\":\"https:\/\/lapot.com.pl\/?page_id=30\",\"name\":\"OFERTA - S-Kwadrat\",\"isPartOf\":{\"@id\":\"https:\/\/lapot.com.pl\/#website\"},\"primaryImageOfPage\":{\"@id\":\"https:\/\/lapot.com.pl\/?page_id=30#primaryimage\"},\"image\":{\"@id\":\"https:\/\/lapot.com.pl\/?page_id=30#primaryimage\"},\"thumbnailUrl\":\"http:\/\/lapot.com.pl\/wp-content\/uploads\/2025\/08\/blaty-kuchenne-do-wyboru.jpg\",\"datePublished\":\"2021-02-10T06:35:54+00:00\",\"dateModified\":\"2025-08-25T13:12:35+00:00\",\"breadcrumb\":{\"@id\":\"https:\/\/lapot.com.pl\/?page_id=30#breadcrumb\"},\"inLanguage\":\"en-US\",\"potentialAction\":[{\"@type\":\"ReadAction\",\"target\":[\"https:\/\/lapot.com.pl\/?page_id=30\"]}]},{\"@type\":\"ImageObject\",\"inLanguage\":\"en-US\",\"@id\":\"https:\/\/lapot.com.pl\/?page_id=30#primaryimage\",\"url\":\"http:\/\/lapot.com.pl\/wp-content\/uploads\/2025\/08\/blaty-kuchenne-do-wyboru.jpg\",\"contentUrl\":\"http:\/\/lapot.com.pl\/wp-content\/uploads\/2025\/08\/blaty-kuchenne-do-wyboru.jpg\"},{\"@type\":\"BreadcrumbList\",\"@id\":\"https:\/\/lapot.com.pl\/?page_id=30#breadcrumb\",\"itemListElement\":[{\"@type\":\"ListItem\",\"position\":1,\"name\":\"Home\",\"item\":\"https:\/\/lapot.com.pl\/\"},{\"@type\":\"ListItem\",\"position\":2,\"name\":\"OFERTA\"}]},{\"@type\":\"WebSite\",\"@id\":\"https:\/\/lapot.com.pl\/#website\",\"url\":\"https:\/\/lapot.com.pl\/\",\"name\":\"S-Kwadrat\",\"description\":\"\",\"publisher\":{\"@id\":\"https:\/\/lapot.com.pl\/#organization\"},\"potentialAction\":[{\"@type\":\"SearchAction\",\"target\":{\"@type\":\"EntryPoint\",\"urlTemplate\":\"https:\/\/lapot.com.pl\/?s={search_term_string}\"},\"query-input\":{\"@type\":\"PropertyValueSpecification\",\"valueRequired\":true,\"valueName\":\"search_term_string\"}}],\"inLanguage\":\"en-US\"},{\"@type\":\"Organization\",\"@id\":\"https:\/\/lapot.com.pl\/#organization\",\"name\":\"S-Kwadrat\",\"url\":\"https:\/\/lapot.com.pl\/\",\"logo\":{\"@type\":\"ImageObject\",\"inLanguage\":\"en-US\",\"@id\":\"https:\/\/lapot.com.pl\/#\/schema\/logo\/image\/\",\"url\":\"https:\/\/lapot.com.pl\/wp-content\/uploads\/2025\/08\/LOGO-skwadrat-czarny-bez-e1611564587677-80x76-1.png\",\"contentUrl\":\"https:\/\/lapot.com.pl\/wp-content\/uploads\/2025\/08\/LOGO-skwadrat-czarny-bez-e1611564587677-80x76-1.png\",\"width\":80,\"height\":76,\"caption\":\"S-Kwadrat \"},\"image\":{\"@id\":\"https:\/\/lapot.com.pl\/#\/schema\/logo\/image\/\"}}]}<\/script>\n<!-- \/ Yoast SEO plugin. -->","yoast_head_json":{"title":"OFERTA - S-Kwadrat","robots":{"index":"index","follow":"follow","max-snippet":"max-snippet:-1","max-image-preview":"max-image-preview:large","max-video-preview":"max-video-preview:-1"},"canonical":"https:\/\/lapot.com.pl\/?page_id=30","og_locale":"en_US","og_type":"article","og_title":"OFERTA - S-Kwadrat","og_description":"Profesjonalna realizacja ka\u017cdego zlecenia. Na stanie posiadamy r\u00f3wnie\u017c gotowe wyroby oraz setki m2 p\u0142yt z kamienia z ca\u0142ego \u015bwiata. Jeste\u015bmy otwarci na wsp\u00f3\u0142prac\u0119 i realizacj\u0119 indywidualnych zam\u00f3wie\u0144.","og_url":"https:\/\/lapot.com.pl\/?page_id=30","og_site_name":"S-Kwadrat","article_modified_time":"2025-08-25T13:12:35+00:00","og_image":[{"url":"http:\/\/lapot.com.pl\/wp-content\/uploads\/2025\/08\/blaty-kuchenne-do-wyboru.jpg","type":"","width":"","height":""}],"twitter_card":"summary_large_image","twitter_misc":{"Est. reading time":"1 minute"},"schema":{"@context":"https:\/\/schema.org","@graph":[{"@type":"WebPage","@id":"https:\/\/lapot.com.pl\/?page_id=30","url":"https:\/\/lapot.com.pl\/?page_id=30","name":"OFERTA - S-Kwadrat","isPartOf":{"@id":"https:\/\/lapot.com.pl\/#website"},"primaryImageOfPage":{"@id":"https:\/\/lapot.com.pl\/?page_id=30#primaryimage"},"image":{"@id":"https:\/\/lapot.com.pl\/?page_id=30#primaryimage"},"thumbnailUrl":"http:\/\/lapot.com.pl\/wp-content\/uploads\/2025\/08\/blaty-kuchenne-do-wyboru.jpg","datePublished":"2021-02-10T06:35:54+00:00","dateModified":"2025-08-25T13:12:35+00:00","breadcrumb":{"@id":"https:\/\/lapot.com.pl\/?page_id=30#breadcrumb"},"inLanguage":"en-US","potentialAction":[{"@type":"ReadAction","target":["https:\/\/lapot.com.pl\/?page_id=30"]}]},{"@type":"ImageObject","inLanguage":"en-US","@id":"https:\/\/lapot.com.pl\/?page_id=30#primaryimage","url":"http:\/\/lapot.com.pl\/wp-content\/uploads\/2025\/08\/blaty-kuchenne-do-wyboru.jpg","contentUrl":"http:\/\/lapot.com.pl\/wp-content\/uploads\/2025\/08\/blaty-kuchenne-do-wyboru.jpg"},{"@type":"BreadcrumbList","@id":"https:\/\/lapot.com.pl\/?page_id=30#breadcrumb","itemListElement":[{"@type":"ListItem","position":1,"name":"Home","item":"https:\/\/lapot.com.pl\/"},{"@type":"ListItem","position":2,"name":"OFERTA"}]},{"@type":"WebSite","@id":"https:\/\/lapot.com.pl\/#website","url":"https:\/\/lapot.com.pl\/","name":"S-Kwadrat","description":"","publisher":{"@id":"https:\/\/lapot.com.pl\/#organization"},"potentialAction":[{"@type":"SearchAction","target":{"@type":"EntryPoint","urlTemplate":"https:\/\/lapot.com.pl\/?s={search_term_string}"},"query-input":{"@type":"PropertyValueSpecification","valueRequired":true,"valueName":"search_term_string"}}],"inLanguage":"en-US"},{"@type":"Organization","@id":"https:\/\/lapot.com.pl\/#organization","name":"S-Kwadrat","url":"https:\/\/lapot.com.pl\/","logo":{"@type":"ImageObject","inLanguage":"en-US","@id":"https:\/\/lapot.com.pl\/#\/schema\/logo\/image\/","url":"https:\/\/lapot.com.pl\/wp-content\/uploads\/2025\/08\/LOGO-skwadrat-czarny-bez-e1611564587677-80x76-1.png","contentUrl":"https:\/\/lapot.com.pl\/wp-content\/uploads\/2025\/08\/LOGO-skwadrat-czarny-bez-e1611564587677-80x76-1.png","width":80,"height":76,"caption":"S-Kwadrat "},"image":{"@id":"https:\/\/lapot.com.pl\/#\/schema\/logo\/image\/"}}]}},"_links":{"self":[{"href":"https:\/\/lapot.com.pl\/index.php?rest_route=\/wp\/v2\/pages\/30","targetHints":{"allow":["GET"]}}],"collection":[{"href":"https:\/\/lapot.com.pl\/index.php?rest_route=\/wp\/v2\/pages"}],"about":[{"href":"https:\/\/lapot.com.pl\/index.php?rest_route=\/wp\/v2\/types\/page"}],"author":[{"embeddable":true,"href":"https:\/\/lapot.com.pl\/index.php?rest_route=\/wp\/v2\/users\/1"}],"replies":[{"embeddable":true,"href":"https:\/\/lapot.com.pl\/index.php?rest_route=%2Fwp%2Fv2%2Fcomments&post=30"}],"version-history":[{"count":4,"href":"https:\/\/lapot.com.pl\/index.php?rest_route=\/wp\/v2\/pages\/30\/revisions"}],"predecessor-version":[{"id":1849,"href":"https:\/\/lapot.com.pl\/index.php?rest_route=\/wp\/v2\/pages\/30\/revisions\/1849"}],"wp:attachment":[{"href":"https:\/\/lapot.com.pl\/index.php?rest_route=%2Fwp%2Fv2%2Fmedia&parent=30"}],"curies":[{"name":"wp","href":"https:\/\/api.w.org\/{rel}","templated":true}]}}